{"id":122,"date":"2025-04-09T02:15:29","date_gmt":"2025-04-09T02:15:29","guid":{"rendered":"https:\/\/cecicrespo.com\/es\/?page_id=122"},"modified":"2025-04-29T02:56:38","modified_gmt":"2025-04-29T02:56:38","slug":"studio","status":"publish","type":"page","link":"https:\/\/cecicrespo.com\/es\/index.php\/studio\/","title":{"rendered":"studio"},"content":{"rendered":"\t\t<div data-elementor-type=\"wp-page\" data-elementor-id=\"122\" class=\"elementor elementor-122\" data-elementor-post-type=\"page\">\n\t\t\t\t<div class=\"elementor-element elementor-element-31e65014 e-con-full e-flex e-con e-parent\" data-id=\"31e65014\" data-element_type=\"container\">\n\t\t\t\t<div class=\"elementor-element elementor-element-48c47744 elementor-widget elementor-widget-video\" data-id=\"48c47744\" data-element_type=\"widget\" data-settings=\"{&quot;video_type&quot;:&quot;hosted&quot;,&quot;autoplay&quot;:&quot;yes&quot;,&quot;end&quot;:52,&quot;controls&quot;:&quot;yes&quot;}\" data-widget_type=\"video.default\">\n\t\t\t\t<div class=\"elementor-widget-container\">\n\t\t\t\t\t\t\t<div class=\"e-hosted-video elementor-wrapper elementor-open-inline\">\n\t\t\t\t\t<video class=\"elementor-video\" src=\"https:\/\/cecicrespo.com\/es\/wp-content\/uploads\/2025\/04\/04271.mp4#t=,52\" autoplay=\"\" controls=\"\" controlsList=\"nodownload\" poster=\"https:\/\/cecicrespo.com\/es\/wp-content\/uploads\/2025\/04\/27-1-Cover.jpg\"><\/video>\n\t\t\t\t<\/div>\n\t\t\t\t\t\t<\/div>\n\t\t\t\t<\/div>\n\t\t\t\t<\/div>\n\t\t<div class=\"elementor-element elementor-element-a0c04d5 e-flex e-con-boxed e-con e-parent\" data-id=\"a0c04d5\" data-element_type=\"container\">\n\t\t\t\t\t<div class=\"e-con-inner\">\n\t\t\t\t<div class=\"elementor-element elementor-element-e99ee49 elementor-widget elementor-widget-spacer\" data-id=\"e99ee49\" data-element_type=\"widget\" data-widget_type=\"spacer.default\">\n\t\t\t\t<div class=\"elementor-widget-container\">\n\t\t\t\t\t\t\t<div class=\"elementor-spacer\">\n\t\t\t<div class=\"elementor-spacer-inner\"><\/div>\n\t\t<\/div>\n\t\t\t\t\t\t<\/div>\n\t\t\t\t<\/div>\n\t\t\t\t\t<\/div>\n\t\t\t\t<\/div>\n\t\t<div class=\"elementor-element elementor-element-fb38695 e-flex e-con-boxed e-con e-parent\" data-id=\"fb38695\" data-element_type=\"container\">\n\t\t\t\t\t<div class=\"e-con-inner\">\n\t\t<div class=\"elementor-element elementor-element-5a0b558 e-con-full e-flex e-con e-child\" data-id=\"5a0b558\" data-element_type=\"container\">\n\t\t\t\t<div class=\"elementor-element elementor-element-5dff3c6 elementor-widget elementor-widget-heading\" data-id=\"5dff3c6\" data-element_type=\"widget\" data-widget_type=\"heading.default\">\n\t\t\t\t<div class=\"elementor-widget-container\">\n\t\t\t\t\t<h2 class=\"elementor-heading-title elementor-size-default\">Nuestra filosof\u00eda de dise\u00f1o interior<\/h2>\t\t\t\t<\/div>\n\t\t\t\t<\/div>\n\t\t\t\t<div class=\"elementor-element elementor-element-374929d elementor-widget elementor-widget-text-editor\" data-id=\"374929d\" data-element_type=\"widget\" data-widget_type=\"text-editor.default\">\n\t\t\t\t<div class=\"elementor-widget-container\">\n\t\t\t\t\t\t\t\t\t<p><span style=\"font-weight: 400;\">En Ceci Crespo Interior Design, creemos que un hogar debe sentirse equilibrado, fluido y aut\u00e9ntico.\u00a0 La integraci\u00f3n armoniosa entre arquitectura, interiores y paisajismo es clave para lograr espacios que reflejen la personalidad y el estilo de vida de quienes los habitan.<\/span><\/p><p><span style=\"font-weight: 400;\">Cada proyecto es un ejercicio de precisi\u00f3n y creatividad, donde cada elemento \u2014desde el mobiliario hasta los acabados y la conexi\u00f3n con el entorno\u2014 se une en perfecta sinton\u00eda. Aunque este concepto parece natural, dise\u00f1ar con coherencia y prop\u00f3sito requiere visi\u00f3n, experiencia y un ojo entrenado para los detalles.<\/span><\/p><p><span style=\"font-weight: 400;\">El verdadero desaf\u00edo en el dise\u00f1o (y en la vida) es encontrar el equilibrio ideal. No importa el tama\u00f1o del espacio o las limitaciones del proyecto, el objetivo siempre es lograr una composici\u00f3n armoniosa que combine funcionalidad, est\u00e9tica y bienestar.<\/span><\/p><p><span style=\"font-weight: 400;\">Nuestra metodolog\u00eda es colaborativa, porque cada cliente tiene una historia \u00fanica que merece ser plasmada en su espacio. Nos tomamos el tiempo para comprender sus necesidades y transformar cada proyecto en un reflejo aut\u00e9ntico de su esencia.<\/span><\/p>\t\t\t\t\t\t\t\t<\/div>\n\t\t\t\t<\/div>\n\t\t\t\t<\/div>\n\t\t<div class=\"elementor-element elementor-element-5816adf e-con-full e-flex e-con e-child\" data-id=\"5816adf\" data-element_type=\"container\">\n\t\t\t\t<\/div>\n\t\t\t\t\t<\/div>\n\t\t\t\t<\/div>\n\t\t<div class=\"elementor-element elementor-element-9aa9119 e-flex e-con-boxed e-con e-parent\" data-id=\"9aa9119\" data-element_type=\"container\">\n\t\t\t\t\t<div class=\"e-con-inner\">\n\t\t\t\t<div class=\"elementor-element elementor-element-0445739 elementor-widget elementor-widget-spacer\" data-id=\"0445739\" data-element_type=\"widget\" data-widget_type=\"spacer.default\">\n\t\t\t\t<div class=\"elementor-widget-container\">\n\t\t\t\t\t\t\t<div class=\"elementor-spacer\">\n\t\t\t<div class=\"elementor-spacer-inner\"><\/div>\n\t\t<\/div>\n\t\t\t\t\t\t<\/div>\n\t\t\t\t<\/div>\n\t\t\t\t\t<\/div>\n\t\t\t\t<\/div>\n\t\t<div class=\"elementor-element elementor-element-6b8fc6a e-flex e-con-boxed e-con e-parent\" data-id=\"6b8fc6a\" data-element_type=\"container\">\n\t\t\t\t\t<div class=\"e-con-inner\">\n\t\t<div class=\"elementor-element elementor-element-21d6451 e-con-full e-flex e-con e-child\" data-id=\"21d6451\" data-element_type=\"container\">\n\t\t\t\t<div class=\"elementor-element elementor-element-3b0b94e elementor-widget__width-initial elementor-arrows-position-inside elementor-pagination-position-outside elementor-widget elementor-widget-image-carousel\" data-id=\"3b0b94e\" data-element_type=\"widget\" data-settings=\"{&quot;slides_to_show&quot;:&quot;1&quot;,&quot;navigation&quot;:&quot;both&quot;,&quot;autoplay&quot;:&quot;yes&quot;,&quot;pause_on_hover&quot;:&quot;yes&quot;,&quot;pause_on_interaction&quot;:&quot;yes&quot;,&quot;autoplay_speed&quot;:5000,&quot;infinite&quot;:&quot;yes&quot;,&quot;effect&quot;:&quot;slide&quot;,&quot;speed&quot;:500}\" data-widget_type=\"image-carousel.default\">\n\t\t\t\t<div class=\"elementor-widget-container\">\n\t\t\t\t\t\t\t<div class=\"elementor-image-carousel-wrapper swiper\" role=\"region\" aria-roledescription=\"carousel\" aria-label=\"Image Carousel\" dir=\"ltr\">\n\t\t\t<div class=\"elementor-image-carousel swiper-wrapper swiper-image-stretch\" aria-live=\"off\">\n\t\t\t\t\t\t\t\t<div class=\"swiper-slide\" role=\"group\" aria-roledescription=\"slide\" aria-label=\"1 of 1\"><figure class=\"swiper-slide-inner\"><img decoding=\"async\" class=\"swiper-slide-image\" src=\"https:\/\/cecicrespo.com\/es\/wp-content\/uploads\/2025\/04\/IMG_0509-copia_pp-scaled.jpg\" alt=\"IMG_0509 copia_pp\" \/><\/figure><\/div>\t\t\t<\/div>\n\t\t\t\t\t<\/div>\n\t\t\t\t\t\t<\/div>\n\t\t\t\t<\/div>\n\t\t\t\t<\/div>\n\t\t\t\t<div class=\"elementor-element elementor-element-6f11d25 elementor-widget elementor-widget-spacer\" data-id=\"6f11d25\" data-element_type=\"widget\" data-widget_type=\"spacer.default\">\n\t\t\t\t<div class=\"elementor-widget-container\">\n\t\t\t\t\t\t\t<div class=\"elementor-spacer\">\n\t\t\t<div class=\"elementor-spacer-inner\"><\/div>\n\t\t<\/div>\n\t\t\t\t\t\t<\/div>\n\t\t\t\t<\/div>\n\t\t<div class=\"elementor-element elementor-element-77dd317 e-con-full e-flex e-con e-child\" data-id=\"77dd317\" data-element_type=\"container\">\n\t\t\t\t<div class=\"elementor-element elementor-element-db5ef38 elementor-widget elementor-widget-heading\" data-id=\"db5ef38\" data-element_type=\"widget\" data-widget_type=\"heading.default\">\n\t\t\t\t<div class=\"elementor-widget-container\">\n\t\t\t\t\t<h2 class=\"elementor-heading-title elementor-size-default\">Estudio de Dise\u00f1o Interior<\/h2>\t\t\t\t<\/div>\n\t\t\t\t<\/div>\n\t\t\t\t<div class=\"elementor-element elementor-element-757793b elementor-widget elementor-widget-text-editor\" data-id=\"757793b\" data-element_type=\"widget\" data-widget_type=\"text-editor.default\">\n\t\t\t\t<div class=\"elementor-widget-container\">\n\t\t\t\t\t\t\t\t\t<p><span style=\"font-weight: 400;\">Cecilia Crespo, una arquitecta paname\u00f1a, es la fundadora de Ceci Crespo Interior Design. Con m\u00e1s de dos d\u00e9cadas de experiencia en el campo del dise\u00f1o de interiores, ha adquirido una reputaci\u00f3n por su excepcional talento y creatividad en la transformaci\u00f3n de espacios en entornos sofisticados y acogedores.<\/span><\/p><p><span style=\"font-weight: 400;\">Nuestro equipo de dise\u00f1o est\u00e1 compuesto por arquitectos, dise\u00f1adores de interiores e ingenieros id\u00f3neos altamente calificados que colaboran de manera fluida para realizar una visi\u00f3n \u00fanica que integra elementos de dise\u00f1o arquitect\u00f3nico e interiores.\u00a0 Esta fusi\u00f3n nos permite crear proyectos que no solo son visualmente impactantes, sino tambi\u00e9n funcionales por dentro y por fuera.\u00a0 Tambi\u00e9n nos asociamos con otros arquitectos y dise\u00f1adores, adaptando nuestro enfoque para trabajar de manera colaborativa o independiente, seg\u00fan las necesidades del cliente y las especificaciones del proyecto.<\/span><\/p><p><span style=\"font-weight: 400;\">Nuestros proyectos combinan h\u00e1bilmente una arquitectura sofisticada con un dise\u00f1o interior meticuloso, respondiendo a las demandas actuales al priorizar el almacenamiento, la conveniencia y los espacios vers\u00e1tiles.\u00a0 Incorporamos con destreza tecnolog\u00eda, color e iluminaci\u00f3n para crear arquitecturas e interiores exquisitos y sostenibles que dejan una impresi\u00f3n duradera.<\/span><\/p>\t\t\t\t\t\t\t\t<\/div>\n\t\t\t\t<\/div>\n\t\t\t\t<\/div>\n\t\t\t\t\t<\/div>\n\t\t\t\t<\/div>\n\t\t<div class=\"elementor-element elementor-element-c0856f7 e-flex e-con-boxed e-con e-parent\" data-id=\"c0856f7\" data-element_type=\"container\">\n\t\t\t\t\t<div class=\"e-con-inner\">\n\t\t\t\t<div class=\"elementor-element elementor-element-1307a96 elementor-widget elementor-widget-spacer\" data-id=\"1307a96\" data-element_type=\"widget\" data-widget_type=\"spacer.default\">\n\t\t\t\t<div class=\"elementor-widget-container\">\n\t\t\t\t\t\t\t<div class=\"elementor-spacer\">\n\t\t\t<div class=\"elementor-spacer-inner\"><\/div>\n\t\t<\/div>\n\t\t\t\t\t\t<\/div>\n\t\t\t\t<\/div>\n\t\t\t\t\t<\/div>\n\t\t\t\t<\/div>\n\t\t<div class=\"elementor-element elementor-element-0654a42 e-flex e-con-boxed e-con e-parent\" data-id=\"0654a42\" data-element_type=\"container\">\n\t\t\t\t\t<div class=\"e-con-inner\">\n\t\t<div class=\"elementor-element elementor-element-e5e9d01 e-con-full e-flex e-con e-child\" data-id=\"e5e9d01\" data-element_type=\"container\">\n\t\t\t\t<div class=\"elementor-element elementor-element-14555de elementor-widget elementor-widget-heading\" data-id=\"14555de\" data-element_type=\"widget\" data-widget_type=\"heading.default\">\n\t\t\t\t<div class=\"elementor-widget-container\">\n\t\t\t\t\t<h2 class=\"elementor-heading-title elementor-size-default\">El dise\u00f1o interior como expresi\u00f3n de identidad<\/h2>\t\t\t\t<\/div>\n\t\t\t\t<\/div>\n\t\t\t\t<div class=\"elementor-element elementor-element-f5242e0 elementor-widget elementor-widget-text-editor\" data-id=\"f5242e0\" data-element_type=\"widget\" data-widget_type=\"text-editor.default\">\n\t\t\t\t<div class=\"elementor-widget-container\">\n\t\t\t\t\t\t\t\t\t<p><span style=\"font-weight: 400;\">El dise\u00f1o de interiores es m\u00e1s que una parte de la arquitectura; es lo que da vida a un espacio y lo convierte en un reflejo aut\u00e9ntico de quienes lo habitan. Un hogar bien dise\u00f1ado debe sentirse personal, funcional y lleno de intenci\u00f3n, integr\u00e1ndose de manera natural con su estructura y su entorno.\u00a0 Muchas casas contempor\u00e1neas carecen de esa conexi\u00f3n profunda que transforma un espacio en un verdadero refugio. La falta de riqueza en materiales, organizaci\u00f3n espacial y detalles personalizados puede hacer que un hogar se sienta impersonal o incompleto.<\/span><\/p><p><span style=\"font-weight: 400;\">Cada proyecto debe considerar mobiliario seleccionado con prop\u00f3sito, materiales cuidadosamente elegidos y una atm\u00f3sfera envolvente que invite al bienestar. La iluminaci\u00f3n juega un papel esencial en esta ecuaci\u00f3n, acentuando texturas, realzando los colores y destacando elementos clave como el arte y la distribuci\u00f3n del espacio.\u00a0 Cuando todos estos elementos se combinan en armon\u00eda, un hogar deja de ser solo un lugar y se convierte en un santuario de experiencias y emociones.<\/span><\/p>\t\t\t\t\t\t\t\t<\/div>\n\t\t\t\t<\/div>\n\t\t\t\t<\/div>\n\t\t\t\t<div class=\"elementor-element elementor-element-43c19f9 elementor-widget__width-initial elementor-widget elementor-widget-spacer\" data-id=\"43c19f9\" data-element_type=\"widget\" data-widget_type=\"spacer.default\">\n\t\t\t\t<div class=\"elementor-widget-container\">\n\t\t\t\t\t\t\t<div class=\"elementor-spacer\">\n\t\t\t<div class=\"elementor-spacer-inner\"><\/div>\n\t\t<\/div>\n\t\t\t\t\t\t<\/div>\n\t\t\t\t<\/div>\n\t\t<div class=\"elementor-element elementor-element-5cfd9d7 e-con-full e-flex e-con e-child\" data-id=\"5cfd9d7\" data-element_type=\"container\">\n\t\t\t\t<div class=\"elementor-element elementor-element-49b4be3 elementor-widget elementor-widget-image\" data-id=\"49b4be3\" data-element_type=\"widget\" data-widget_type=\"image.default\">\n\t\t\t\t<div class=\"elementor-widget-container\">\n\t\t\t\t\t\t\t\t\t\t\t\t\t\t\t<img fetchpriority=\"high\" decoding=\"async\" width=\"768\" height=\"1024\" src=\"https:\/\/cecicrespo.com\/es\/wp-content\/uploads\/2025\/04\/IMG_9601-768x1024.jpeg\" class=\"attachment-large size-large wp-image-212\" alt=\"\" srcset=\"https:\/\/cecicrespo.com\/es\/wp-content\/uploads\/2025\/04\/IMG_9601-768x1024.jpeg 768w, https:\/\/cecicrespo.com\/es\/wp-content\/uploads\/2025\/04\/IMG_9601-225x300.jpeg 225w, https:\/\/cecicrespo.com\/es\/wp-content\/uploads\/2025\/04\/IMG_9601-1152x1536.jpeg 1152w, https:\/\/cecicrespo.com\/es\/wp-content\/uploads\/2025\/04\/IMG_9601.jpeg 1536w\" sizes=\"(max-width: 768px) 100vw, 768px\" \/>\t\t\t\t\t\t\t\t\t\t\t\t\t\t\t<\/div>\n\t\t\t\t<\/div>\n\t\t\t\t<\/div>\n\t\t\t\t\t<\/div>\n\t\t\t\t<\/div>\n\t\t<div class=\"elementor-element elementor-element-f99b071 e-flex e-con-boxed e-con e-parent\" data-id=\"f99b071\" data-element_type=\"container\">\n\t\t\t\t\t<div class=\"e-con-inner\">\n\t\t\t\t<div class=\"elementor-element elementor-element-1eaf55e elementor-widget elementor-widget-spacer\" data-id=\"1eaf55e\" data-element_type=\"widget\" data-widget_type=\"spacer.default\">\n\t\t\t\t<div class=\"elementor-widget-container\">\n\t\t\t\t\t\t\t<div class=\"elementor-spacer\">\n\t\t\t<div class=\"elementor-spacer-inner\"><\/div>\n\t\t<\/div>\n\t\t\t\t\t\t<\/div>\n\t\t\t\t<\/div>\n\t\t\t\t\t<\/div>\n\t\t\t\t<\/div>\n\t\t<div class=\"elementor-element elementor-element-18f0215 e-flex e-con-boxed e-con e-parent\" data-id=\"18f0215\" data-element_type=\"container\">\n\t\t\t\t\t<div class=\"e-con-inner\">\n\t\t<div class=\"elementor-element elementor-element-b61f6b1 e-con-full e-flex e-con e-child\" data-id=\"b61f6b1\" data-element_type=\"container\">\n\t\t\t\t<div class=\"elementor-element elementor-element-558ab33 elementor-widget elementor-widget-image\" data-id=\"558ab33\" data-element_type=\"widget\" data-widget_type=\"image.default\">\n\t\t\t\t<div class=\"elementor-widget-container\">\n\t\t\t\t\t\t\t\t\t\t\t\t\t\t\t<img decoding=\"async\" width=\"768\" height=\"1024\" src=\"https:\/\/cecicrespo.com\/es\/wp-content\/uploads\/2025\/04\/IMG_2649-768x1024.jpeg\" class=\"attachment-large size-large wp-image-214\" alt=\"\" srcset=\"https:\/\/cecicrespo.com\/es\/wp-content\/uploads\/2025\/04\/IMG_2649-768x1024.jpeg 768w, https:\/\/cecicrespo.com\/es\/wp-content\/uploads\/2025\/04\/IMG_2649-225x300.jpeg 225w, https:\/\/cecicrespo.com\/es\/wp-content\/uploads\/2025\/04\/IMG_2649-1152x1536.jpeg 1152w, https:\/\/cecicrespo.com\/es\/wp-content\/uploads\/2025\/04\/IMG_2649.jpeg 1536w\" sizes=\"(max-width: 768px) 100vw, 768px\" \/>\t\t\t\t\t\t\t\t\t\t\t\t\t\t\t<\/div>\n\t\t\t\t<\/div>\n\t\t\t\t<\/div>\n\t\t\t\t<div class=\"elementor-element elementor-element-8791088 elementor-widget__width-initial elementor-widget elementor-widget-spacer\" data-id=\"8791088\" data-element_type=\"widget\" data-widget_type=\"spacer.default\">\n\t\t\t\t<div class=\"elementor-widget-container\">\n\t\t\t\t\t\t\t<div class=\"elementor-spacer\">\n\t\t\t<div class=\"elementor-spacer-inner\"><\/div>\n\t\t<\/div>\n\t\t\t\t\t\t<\/div>\n\t\t\t\t<\/div>\n\t\t<div class=\"elementor-element elementor-element-d5367ad e-con-full e-flex e-con e-child\" data-id=\"d5367ad\" data-element_type=\"container\">\n\t\t\t\t<div class=\"elementor-element elementor-element-c30aba1 elementor-widget elementor-widget-heading\" data-id=\"c30aba1\" data-element_type=\"widget\" data-widget_type=\"heading.default\">\n\t\t\t\t<div class=\"elementor-widget-container\">\n\t\t\t\t\t<h2 class=\"elementor-heading-title elementor-size-default\">Integraci\u00f3n de la Arquitectura Paisajista<\/h2>\t\t\t\t<\/div>\n\t\t\t\t<\/div>\n\t\t\t\t<div class=\"elementor-element elementor-element-ff5dabd elementor-widget elementor-widget-text-editor\" data-id=\"ff5dabd\" data-element_type=\"widget\" data-widget_type=\"text-editor.default\">\n\t\t\t\t<div class=\"elementor-widget-container\">\n\t\t\t\t\t\t\t\t\t<p><span style=\"font-weight: 400;\">La arquitectura debe armonizar con su entorno, evocando emociones incluso antes de que alguien entre.\u00a0 Un edificio debe transmitir un mensaje poderoso a trav\u00e9s de sus dimensiones y proporciones, sin embargo, con demasiada frecuencia, los dise\u00f1os se producen en un vac\u00edo, ignorando el paisaje circundante.\u00a0 Nuestro enfoque prioriza la integraci\u00f3n fluida del terreno y la arquitectura, esculpiendo el terreno para armonizar bellamente con las estructuras que alberga.<\/span><\/p>\t\t\t\t\t\t\t\t<\/div>\n\t\t\t\t<\/div>\n\t\t\t\t<\/div>\n\t\t\t\t\t<\/div>\n\t\t\t\t<\/div>\n\t\t<div class=\"elementor-element elementor-element-357d023 e-flex e-con-boxed e-con e-parent\" data-id=\"357d023\" data-element_type=\"container\">\n\t\t\t\t\t<div class=\"e-con-inner\">\n\t\t\t\t<div class=\"elementor-element elementor-element-70c7986 elementor-widget elementor-widget-spacer\" data-id=\"70c7986\" data-element_type=\"widget\" data-widget_type=\"spacer.default\">\n\t\t\t\t<div class=\"elementor-widget-container\">\n\t\t\t\t\t\t\t<div class=\"elementor-spacer\">\n\t\t\t<div class=\"elementor-spacer-inner\"><\/div>\n\t\t<\/div>\n\t\t\t\t\t\t<\/div>\n\t\t\t\t<\/div>\n\t\t\t\t\t<\/div>\n\t\t\t\t<\/div>\n\t\t<div class=\"elementor-element elementor-element-2c20049 e-flex e-con-boxed e-con e-parent\" data-id=\"2c20049\" data-element_type=\"container\">\n\t\t\t\t\t<div class=\"e-con-inner\">\n\t\t<div class=\"elementor-element elementor-element-b8bd28f e-con-full e-flex e-con e-child\" data-id=\"b8bd28f\" data-element_type=\"container\">\n\t\t\t\t<div class=\"elementor-element elementor-element-0a134b3 elementor-widget elementor-widget-heading\" data-id=\"0a134b3\" data-element_type=\"widget\" data-widget_type=\"heading.default\">\n\t\t\t\t<div class=\"elementor-widget-container\">\n\t\t\t\t\t<h2 class=\"elementor-heading-title elementor-size-default\"> El arte del dise\u00f1o a medida<\/h2>\t\t\t\t<\/div>\n\t\t\t\t<\/div>\n\t\t\t\t<div class=\"elementor-element elementor-element-47f969e elementor-widget elementor-widget-text-editor\" data-id=\"47f969e\" data-element_type=\"widget\" data-widget_type=\"text-editor.default\">\n\t\t\t\t<div class=\"elementor-widget-container\">\n\t\t\t\t\t\t\t\t\t<p><span style=\"font-weight: 400;\">El dise\u00f1o interior cobra vida en los detalles, y es ah\u00ed donde los artesanos juegan un papel fundamental.\u00a0 Creemos en la colaboraci\u00f3n con ebanistas, herreros y expertos en textiles que aportan su maestr\u00eda a cada proyecto, creando piezas \u00fanicas que elevan los espacios.<\/span><\/p><p><span style=\"font-weight: 400;\">Cada mueble a medida, estructura met\u00e1lica o textil seleccionado no solo complementa la arquitectura, sino que se integra de manera fluida en una visi\u00f3n cohesiva y personalizada. Gracias a nuestras alianzas con artesanos de confianza, podemos ofrecer mobiliario exclusivo, soluciones de iluminaci\u00f3n \u00fanicas y acabados que transforman cada ambiente en una obra de arte funcional.<\/span><\/p><p><span style=\"font-weight: 400;\">En Ceci Crespo Interior Design, el trabajo a medida no es solo una opci\u00f3n, es un compromiso con la calidad, la autenticidad y el dise\u00f1o que trasciende el tiempo.<\/span><\/p>\t\t\t\t\t\t\t\t<\/div>\n\t\t\t\t<\/div>\n\t\t\t\t<\/div>\n\t\t\t\t<div class=\"elementor-element elementor-element-b189336 elementor-widget__width-initial elementor-widget elementor-widget-spacer\" data-id=\"b189336\" data-element_type=\"widget\" data-widget_type=\"spacer.default\">\n\t\t\t\t<div class=\"elementor-widget-container\">\n\t\t\t\t\t\t\t<div class=\"elementor-spacer\">\n\t\t\t<div class=\"elementor-spacer-inner\"><\/div>\n\t\t<\/div>\n\t\t\t\t\t\t<\/div>\n\t\t\t\t<\/div>\n\t\t<div class=\"elementor-element elementor-element-84e09b9 e-con-full e-flex e-con e-child\" data-id=\"84e09b9\" data-element_type=\"container\">\n\t\t\t\t<div class=\"elementor-element elementor-element-1f7bc25 elementor-widget elementor-widget-image\" data-id=\"1f7bc25\" data-element_type=\"widget\" data-widget_type=\"image.default\">\n\t\t\t\t<div class=\"elementor-widget-container\">\n\t\t\t\t\t\t\t\t\t\t\t\t\t\t\t<img decoding=\"async\" width=\"768\" height=\"1024\" src=\"https:\/\/cecicrespo.com\/es\/wp-content\/uploads\/2025\/04\/IMG_2644-768x1024.jpeg\" class=\"attachment-large size-large wp-image-215\" alt=\"\" srcset=\"https:\/\/cecicrespo.com\/es\/wp-content\/uploads\/2025\/04\/IMG_2644-768x1024.jpeg 768w, https:\/\/cecicrespo.com\/es\/wp-content\/uploads\/2025\/04\/IMG_2644-225x300.jpeg 225w, https:\/\/cecicrespo.com\/es\/wp-content\/uploads\/2025\/04\/IMG_2644-1152x1536.jpeg 1152w, https:\/\/cecicrespo.com\/es\/wp-content\/uploads\/2025\/04\/IMG_2644.jpeg 1536w\" sizes=\"(max-width: 768px) 100vw, 768px\" \/>\t\t\t\t\t\t\t\t\t\t\t\t\t\t\t<\/div>\n\t\t\t\t<\/div>\n\t\t\t\t<\/div>\n\t\t\t\t\t<\/div>\n\t\t\t\t<\/div>\n\t\t\t\t<\/div>\n\t\t","protected":false},"excerpt":{"rendered":"<p>https:\/\/cecicrespo.com\/es\/wp-content\/uploads\/2025\/04\/04271.mp4#t=,52 Nuestra filosof\u00eda de dise\u00f1o interior En Ceci Crespo Interior Design, creemos que un hogar debe sentirse equilibrado, fluido y aut\u00e9ntico.\u00a0 La integraci\u00f3n armoniosa entre arquitectura, interiores y paisajismo es clave para lograr espacios que reflejen la personalidad y el estilo de vida de quienes los habitan. Cada proyecto es un ejercicio de precisi\u00f3n y [&hellip;]<\/p>\n","protected":false},"author":1,"featured_media":0,"parent":0,"menu_order":0,"comment_status":"closed","ping_status":"closed","template":"","meta":{"footnotes":""},"class_list":["post-122","page","type-page","status-publish","hentry"],"_links":{"self":[{"href":"https:\/\/cecicrespo.com\/es\/index.php\/wp-json\/wp\/v2\/pages\/122","targetHints":{"allow":["GET"]}}],"collection":[{"href":"https:\/\/cecicrespo.com\/es\/index.php\/wp-json\/wp\/v2\/pages"}],"about":[{"href":"https:\/\/cecicrespo.com\/es\/index.php\/wp-json\/wp\/v2\/types\/page"}],"author":[{"embeddable":true,"href":"https:\/\/cecicrespo.com\/es\/index.php\/wp-json\/wp\/v2\/users\/1"}],"replies":[{"embeddable":true,"href":"https:\/\/cecicrespo.com\/es\/index.php\/wp-json\/wp\/v2\/comments?post=122"}],"version-history":[{"count":23,"href":"https:\/\/cecicrespo.com\/es\/index.php\/wp-json\/wp\/v2\/pages\/122\/revisions"}],"predecessor-version":[{"id":554,"href":"https:\/\/cecicrespo.com\/es\/index.php\/wp-json\/wp\/v2\/pages\/122\/revisions\/554"}],"wp:attachment":[{"href":"https:\/\/cecicrespo.com\/es\/index.php\/wp-json\/wp\/v2\/media?parent=122"}],"curies":[{"name":"wp","href":"https:\/\/api.w.org\/{rel}","templated":true}]}}