{"id":59,"date":"2025-04-01T01:31:54","date_gmt":"2025-04-01T01:31:54","guid":{"rendered":"https:\/\/cecicrespo.com\/es\/?page_id=59"},"modified":"2025-04-29T02:56:09","modified_gmt":"2025-04-29T02:56:09","slug":"home","status":"publish","type":"page","link":"https:\/\/cecicrespo.com\/es\/","title":{"rendered":"home"},"content":{"rendered":"\t\t<div data-elementor-type=\"wp-page\" data-elementor-id=\"59\" class=\"elementor elementor-59\" data-elementor-post-type=\"page\">\n\t\t\t\t<div class=\"elementor-element elementor-element-857b6ac e-con-full e-flex e-con e-parent\" data-id=\"857b6ac\" data-element_type=\"container\">\n\t\t\t\t<div class=\"elementor-element elementor-element-9ba5775 elementor-widget elementor-widget-video\" data-id=\"9ba5775\" data-element_type=\"widget\" data-settings=\"{&quot;video_type&quot;:&quot;hosted&quot;,&quot;autoplay&quot;:&quot;yes&quot;,&quot;end&quot;:46,&quot;controls&quot;:&quot;yes&quot;}\" data-widget_type=\"video.default\">\n\t\t\t\t<div class=\"elementor-widget-container\">\n\t\t\t\t\t\t\t<div class=\"e-hosted-video elementor-wrapper elementor-open-inline\">\n\t\t\t\t\t<video class=\"elementor-video\" src=\"https:\/\/cecicrespo.com\/es\/wp-content\/uploads\/2025\/04\/0427.mp4#t=,46\" autoplay=\"\" controls=\"\" controlsList=\"nodownload\" poster=\"https:\/\/cecicrespo.com\/es\/wp-content\/uploads\/2025\/04\/27-1-Cover.jpg\"><\/video>\n\t\t\t\t<\/div>\n\t\t\t\t\t\t<\/div>\n\t\t\t\t<\/div>\n\t\t\t\t<\/div>\n\t\t<div class=\"elementor-element elementor-element-fb38695 e-flex e-con-boxed e-con e-parent\" data-id=\"fb38695\" data-element_type=\"container\">\n\t\t\t\t\t<div class=\"e-con-inner\">\n\t\t<div class=\"elementor-element elementor-element-5a0b558 e-con-full e-flex e-con e-child\" data-id=\"5a0b558\" data-element_type=\"container\">\n\t\t\t\t<div class=\"elementor-element elementor-element-5dff3c6 elementor-widget elementor-widget-heading\" data-id=\"5dff3c6\" data-element_type=\"widget\" data-widget_type=\"heading.default\">\n\t\t\t\t<div class=\"elementor-widget-container\">\n\t\t\t\t\t<h2 class=\"elementor-heading-title elementor-size-default\">Nuestra filosof\u00eda de dise\u00f1o interior garantiza que cada detalle funcione en total armon\u00eda<\/h2>\t\t\t\t<\/div>\n\t\t\t\t<\/div>\n\t\t\t\t<div class=\"elementor-element elementor-element-374929d elementor-widget elementor-widget-text-editor\" data-id=\"374929d\" data-element_type=\"widget\" data-widget_type=\"text-editor.default\">\n\t\t\t\t<div class=\"elementor-widget-container\">\n\t\t\t\t\t\t\t\t\t<p><span style=\"font-weight: 400;\">El dise\u00f1o de interiores va m\u00e1s all\u00e1 de lo est\u00e9tico.\u00a0 Se trata de crear espacios que resuenen contigo, que transmitan calma y energ\u00eda, y que se sientan aut\u00e9nticos.\u00a0 En Ceci Crespo Interior Design, combinamos la arquitectura, el dise\u00f1o y la funcionalidad para lograr un equilibrio perfecto entre sofisticaci\u00f3n y bienestar.\u00a0 Cada proyecto es un reflejo de la persona que lo habita, pensado para durar en el tiempo sin sentirse forzado.<\/span><\/p><p><span style=\"font-weight: 400;\">Cuando todo encaja de manera natural, cuando los materiales, las formas y la luz fluyen sin esfuerzo, es cuando un espacio cobra vida.\u00a0 Ese es nuestro compromiso: crear lugares que te inspiren cada d\u00eda y cuiden tu inversi\u00f3n a largo plazo.<\/span><\/p>\t\t\t\t\t\t\t\t<\/div>\n\t\t\t\t<\/div>\n\t\t\t\t<\/div>\n\t\t<div class=\"elementor-element elementor-element-5816adf e-con-full e-flex e-con e-child\" data-id=\"5816adf\" data-element_type=\"container\">\n\t\t\t\t<\/div>\n\t\t\t\t\t<\/div>\n\t\t\t\t<\/div>\n\t\t<div class=\"elementor-element elementor-element-9aa9119 e-flex e-con-boxed e-con e-parent\" data-id=\"9aa9119\" data-element_type=\"container\">\n\t\t\t\t\t<div class=\"e-con-inner\">\n\t\t\t\t<div class=\"elementor-element elementor-element-0445739 elementor-widget elementor-widget-spacer\" data-id=\"0445739\" data-element_type=\"widget\" data-widget_type=\"spacer.default\">\n\t\t\t\t<div class=\"elementor-widget-container\">\n\t\t\t\t\t\t\t<div class=\"elementor-spacer\">\n\t\t\t<div class=\"elementor-spacer-inner\"><\/div>\n\t\t<\/div>\n\t\t\t\t\t\t<\/div>\n\t\t\t\t<\/div>\n\t\t\t\t\t<\/div>\n\t\t\t\t<\/div>\n\t\t<div class=\"elementor-element elementor-element-6b8fc6a e-flex e-con-boxed e-con e-parent\" data-id=\"6b8fc6a\" data-element_type=\"container\">\n\t\t\t\t\t<div class=\"e-con-inner\">\n\t\t<div class=\"elementor-element elementor-element-21d6451 e-con-full e-flex e-con e-child\" data-id=\"21d6451\" data-element_type=\"container\">\n\t\t\t\t<div class=\"elementor-element elementor-element-a76224f elementor-widget elementor-widget-image\" data-id=\"a76224f\" data-element_type=\"widget\" data-widget_type=\"image.default\">\n\t\t\t\t<div class=\"elementor-widget-container\">\n\t\t\t\t\t\t\t\t\t\t\t\t\t\t\t<img fetchpriority=\"high\" decoding=\"async\" width=\"768\" height=\"1024\" src=\"https:\/\/cecicrespo.com\/es\/wp-content\/uploads\/2025\/04\/IMG_5226-768x1024.jpeg\" class=\"attachment-large size-large wp-image-219\" alt=\"\" srcset=\"https:\/\/cecicrespo.com\/es\/wp-content\/uploads\/2025\/04\/IMG_5226-768x1024.jpeg 768w, https:\/\/cecicrespo.com\/es\/wp-content\/uploads\/2025\/04\/IMG_5226-225x300.jpeg 225w, https:\/\/cecicrespo.com\/es\/wp-content\/uploads\/2025\/04\/IMG_5226-1152x1536.jpeg 1152w, https:\/\/cecicrespo.com\/es\/wp-content\/uploads\/2025\/04\/IMG_5226.jpeg 1536w\" sizes=\"(max-width: 768px) 100vw, 768px\" \/>\t\t\t\t\t\t\t\t\t\t\t\t\t\t\t<\/div>\n\t\t\t\t<\/div>\n\t\t\t\t<\/div>\n\t\t\t\t<div class=\"elementor-element elementor-element-6f11d25 elementor-widget elementor-widget-spacer\" data-id=\"6f11d25\" data-element_type=\"widget\" data-widget_type=\"spacer.default\">\n\t\t\t\t<div class=\"elementor-widget-container\">\n\t\t\t\t\t\t\t<div class=\"elementor-spacer\">\n\t\t\t<div class=\"elementor-spacer-inner\"><\/div>\n\t\t<\/div>\n\t\t\t\t\t\t<\/div>\n\t\t\t\t<\/div>\n\t\t<div class=\"elementor-element elementor-element-77dd317 e-con-full e-flex e-con e-child\" data-id=\"77dd317\" data-element_type=\"container\">\n\t\t\t\t<div class=\"elementor-element elementor-element-db5ef38 elementor-widget elementor-widget-heading\" data-id=\"db5ef38\" data-element_type=\"widget\" data-widget_type=\"heading.default\">\n\t\t\t\t<div class=\"elementor-widget-container\">\n\t\t\t\t\t<h2 class=\"elementor-heading-title elementor-size-default\">Nuestro objetivo es crear espacios que conecten el dise\u00f1o interior con las emociones de las personas a un nivel fundamental<\/h2>\t\t\t\t<\/div>\n\t\t\t\t<\/div>\n\t\t\t\t<div class=\"elementor-element elementor-element-757793b elementor-widget elementor-widget-text-editor\" data-id=\"757793b\" data-element_type=\"widget\" data-widget_type=\"text-editor.default\">\n\t\t\t\t<div class=\"elementor-widget-container\">\n\t\t\t\t\t\t\t\t\t<p><span style=\"font-weight: 400;\">Un hogar va m\u00e1s all\u00e1 de las paredes y los muebles<\/span><b>.<\/b><span style=\"font-weight: 400;\">\u00a0 Es un espacio que nos envuelve, que nos conecta con nuestras emociones y nos permite sentirnos en equilibrio.\u00a0 Nosotros creamos ambientes que fluyen con el entorno, donde la luz, la textura y la naturaleza se integran de forma armoniosa.<\/span><\/p><p><span style=\"font-weight: 400;\">Un dise\u00f1o bien pensado invita a la calma, enmarca vistas espectaculares y nos envuelve con una sensaci\u00f3n de seguridad y calidez.\u00a0 La arquitectura no solo define el espacio, sino que lo transforma en un refugio donde cada detalle aporta confort, energ\u00eda y belleza atemporal.\u00a0 Nuestro prop\u00f3sito es dise\u00f1ar hogares que inspiren, que respiren luz y que te hagan sentir en tu propio santuario, un lugar donde el interior y el exterior se funden de manera natural.<\/span><\/p>\t\t\t\t\t\t\t\t<\/div>\n\t\t\t\t<\/div>\n\t\t\t\t<\/div>\n\t\t\t\t\t<\/div>\n\t\t\t\t<\/div>\n\t\t<div class=\"elementor-element elementor-element-c0856f7 e-flex e-con-boxed e-con e-parent\" data-id=\"c0856f7\" data-element_type=\"container\">\n\t\t\t\t\t<div class=\"e-con-inner\">\n\t\t\t\t<div class=\"elementor-element elementor-element-1307a96 elementor-widget elementor-widget-spacer\" data-id=\"1307a96\" data-element_type=\"widget\" data-widget_type=\"spacer.default\">\n\t\t\t\t<div class=\"elementor-widget-container\">\n\t\t\t\t\t\t\t<div class=\"elementor-spacer\">\n\t\t\t<div class=\"elementor-spacer-inner\"><\/div>\n\t\t<\/div>\n\t\t\t\t\t\t<\/div>\n\t\t\t\t<\/div>\n\t\t\t\t\t<\/div>\n\t\t\t\t<\/div>\n\t\t<div class=\"elementor-element elementor-element-0654a42 e-flex e-con-boxed e-con e-parent\" data-id=\"0654a42\" data-element_type=\"container\">\n\t\t\t\t\t<div class=\"e-con-inner\">\n\t\t<div class=\"elementor-element elementor-element-e5e9d01 e-con-full e-flex e-con e-child\" data-id=\"e5e9d01\" data-element_type=\"container\">\n\t\t\t\t<div class=\"elementor-element elementor-element-14555de elementor-widget elementor-widget-heading\" data-id=\"14555de\" data-element_type=\"widget\" data-widget_type=\"heading.default\">\n\t\t\t\t<div class=\"elementor-widget-container\">\n\t\t\t\t\t<h2 class=\"elementor-heading-title elementor-size-default\">Ofrecemos una gama completa de servicios de dise\u00f1o interior<\/h2>\t\t\t\t<\/div>\n\t\t\t\t<\/div>\n\t\t\t\t<div class=\"elementor-element elementor-element-f5242e0 elementor-widget elementor-widget-text-editor\" data-id=\"f5242e0\" data-element_type=\"widget\" data-widget_type=\"text-editor.default\">\n\t\t\t\t<div class=\"elementor-widget-container\">\n\t\t\t\t\t\t\t\t\t<p><span style=\"font-weight: 400;\">En Ceci Crespo Interior Design, el servicio excepcional es la base de todo lo que hacemos.\u00a0 Con a\u00f1os de experiencia en el dise\u00f1o y una comunidad de clientes que conf\u00edan en nosotros, hemos construido una reputaci\u00f3n por la excelencia, la creatividad y la atenci\u00f3n al detalle.<\/span><\/p><p><span style=\"font-weight: 400;\">Ofrecemos una gama completa de servicios de dise\u00f1o, desde arquitectura y dise\u00f1o interior hasta la integraci\u00f3n paisajista, especializ\u00e1ndonos en proyectos residenciales. Cada espacio que dise\u00f1amos refleja un equilibrio entre funcionalidad, belleza y personalidad, asegurando que cada proyecto sea una inversi\u00f3n bien planificada.<\/span><\/p><p><span style=\"font-weight: 400;\">Si buscas transformar tu espacio con un enfoque estrat\u00e9gico y \u00fanico, estamos aqu\u00ed para acompa\u00f1arte en cada paso.\u00a0 Cont\u00e1ctanos y hagamos realidad tu visi\u00f3n<\/span><b>.<\/b><\/p><ul><li><span style=\"font-weight: 400;\">Arquitectura Residencial<\/span> <span style=\"font-weight: 400;\">Dise\u00f1o de Iluminaci\u00f3n<\/span><\/li><li><span style=\"font-weight: 400;\">Dise\u00f1o Interior<\/span> <span style=\"font-weight: 400;\">Arquitectura Paisajista<\/span><\/li><li><span style=\"font-weight: 400;\">Consultor\u00eda de Muebles y Arte<\/span> <span style=\"font-weight: 400;\">Consultor\u00eda y Asesor\u00eda en Dise\u00f1o Interior<\/span><\/li><li><span style=\"font-weight: 400;\">Dise\u00f1o de Acabados y Materiales<\/span> <span style=\"font-weight: 400;\">Dise\u00f1o Interior para-Airbnb<\/span><\/li><li><span style=\"font-weight: 400;\">Dise\u00f1o de \u00c1reas Comunes y Sociales para Proyectos Residenciales y Condominios<\/span><\/li><\/ul>\t\t\t\t\t\t\t\t<\/div>\n\t\t\t\t<\/div>\n\t\t\t\t<\/div>\n\t\t\t\t<div class=\"elementor-element elementor-element-80dc0d8 elementor-widget elementor-widget-spacer\" data-id=\"80dc0d8\" data-element_type=\"widget\" data-widget_type=\"spacer.default\">\n\t\t\t\t<div class=\"elementor-widget-container\">\n\t\t\t\t\t\t\t<div class=\"elementor-spacer\">\n\t\t\t<div class=\"elementor-spacer-inner\"><\/div>\n\t\t<\/div>\n\t\t\t\t\t\t<\/div>\n\t\t\t\t<\/div>\n\t\t<div class=\"elementor-element elementor-element-5cfd9d7 e-con-full e-flex e-con e-child\" data-id=\"5cfd9d7\" data-element_type=\"container\">\n\t\t\t\t<div class=\"elementor-element elementor-element-1287f68 elementor-widget elementor-widget-image\" data-id=\"1287f68\" data-element_type=\"widget\" data-widget_type=\"image.default\">\n\t\t\t\t<div class=\"elementor-widget-container\">\n\t\t\t\t\t\t\t\t\t\t\t\t\t\t\t<img decoding=\"async\" width=\"683\" height=\"1024\" src=\"https:\/\/cecicrespo.com\/es\/wp-content\/uploads\/2025\/04\/IMG_1514-copy-683x1024.png\" class=\"attachment-large size-large wp-image-220\" alt=\"\" srcset=\"https:\/\/cecicrespo.com\/es\/wp-content\/uploads\/2025\/04\/IMG_1514-copy-683x1024.png 683w, https:\/\/cecicrespo.com\/es\/wp-content\/uploads\/2025\/04\/IMG_1514-copy-200x300.png 200w, https:\/\/cecicrespo.com\/es\/wp-content\/uploads\/2025\/04\/IMG_1514-copy-768x1152.png 768w, https:\/\/cecicrespo.com\/es\/wp-content\/uploads\/2025\/04\/IMG_1514-copy-1024x1536.png 1024w, https:\/\/cecicrespo.com\/es\/wp-content\/uploads\/2025\/04\/IMG_1514-copy-1365x2048.png 1365w, https:\/\/cecicrespo.com\/es\/wp-content\/uploads\/2025\/04\/IMG_1514-copy.png 1400w\" sizes=\"(max-width: 683px) 100vw, 683px\" \/>\t\t\t\t\t\t\t\t\t\t\t\t\t\t\t<\/div>\n\t\t\t\t<\/div>\n\t\t\t\t<\/div>\n\t\t\t\t\t<\/div>\n\t\t\t\t<\/div>\n\t\t<div class=\"elementor-element elementor-element-357d023 e-flex e-con-boxed e-con e-parent\" data-id=\"357d023\" data-element_type=\"container\">\n\t\t\t\t\t<div class=\"e-con-inner\">\n\t\t\t\t<div class=\"elementor-element elementor-element-70c7986 elementor-widget elementor-widget-spacer\" data-id=\"70c7986\" data-element_type=\"widget\" data-widget_type=\"spacer.default\">\n\t\t\t\t<div class=\"elementor-widget-container\">\n\t\t\t\t\t\t\t<div class=\"elementor-spacer\">\n\t\t\t<div class=\"elementor-spacer-inner\"><\/div>\n\t\t<\/div>\n\t\t\t\t\t\t<\/div>\n\t\t\t\t<\/div>\n\t\t\t\t\t<\/div>\n\t\t\t\t<\/div>\n\t\t<div class=\"elementor-element elementor-element-de8b475 e-flex e-con-boxed e-con e-parent\" data-id=\"de8b475\" data-element_type=\"container\" data-settings=\"{&quot;background_background&quot;:&quot;classic&quot;}\">\n\t\t\t\t\t<div class=\"e-con-inner\">\n\t\t<div class=\"elementor-element elementor-element-0809ec1 e-con-full e-flex e-con e-child\" data-id=\"0809ec1\" data-element_type=\"container\">\n\t\t\t\t<div class=\"elementor-element elementor-element-67db6d4 elementor-widget elementor-widget-image\" data-id=\"67db6d4\" data-element_type=\"widget\" data-widget_type=\"image.default\">\n\t\t\t\t<div class=\"elementor-widget-container\">\n\t\t\t\t\t\t\t\t\t\t\t\t\t\t\t<img decoding=\"async\" width=\"683\" height=\"1024\" src=\"https:\/\/cecicrespo.com\/es\/wp-content\/uploads\/2025\/04\/IMG_3826-Mejorado-NR-copia_pp-683x1024.jpg\" class=\"attachment-large size-large wp-image-103\" alt=\"\" srcset=\"https:\/\/cecicrespo.com\/es\/wp-content\/uploads\/2025\/04\/IMG_3826-Mejorado-NR-copia_pp-683x1024.jpg 683w, https:\/\/cecicrespo.com\/es\/wp-content\/uploads\/2025\/04\/IMG_3826-Mejorado-NR-copia_pp-200x300.jpg 200w, https:\/\/cecicrespo.com\/es\/wp-content\/uploads\/2025\/04\/IMG_3826-Mejorado-NR-copia_pp-768x1152.jpg 768w, https:\/\/cecicrespo.com\/es\/wp-content\/uploads\/2025\/04\/IMG_3826-Mejorado-NR-copia_pp-1024x1536.jpg 1024w, https:\/\/cecicrespo.com\/es\/wp-content\/uploads\/2025\/04\/IMG_3826-Mejorado-NR-copia_pp-1365x2048.jpg 1365w, https:\/\/cecicrespo.com\/es\/wp-content\/uploads\/2025\/04\/IMG_3826-Mejorado-NR-copia_pp-scaled.jpg 1707w\" sizes=\"(max-width: 683px) 100vw, 683px\" \/>\t\t\t\t\t\t\t\t\t\t\t\t\t\t\t<\/div>\n\t\t\t\t<\/div>\n\t\t\t\t<\/div>\n\t\t\t\t<div class=\"elementor-element elementor-element-7381eb2 elementor-widget elementor-widget-spacer\" data-id=\"7381eb2\" data-element_type=\"widget\" data-widget_type=\"spacer.default\">\n\t\t\t\t<div class=\"elementor-widget-container\">\n\t\t\t\t\t\t\t<div class=\"elementor-spacer\">\n\t\t\t<div class=\"elementor-spacer-inner\"><\/div>\n\t\t<\/div>\n\t\t\t\t\t\t<\/div>\n\t\t\t\t<\/div>\n\t\t<div class=\"elementor-element elementor-element-1e7b430 e-con-full e-flex e-con e-child\" data-id=\"1e7b430\" data-element_type=\"container\">\n\t\t\t\t<div class=\"elementor-element elementor-element-83a024b elementor-widget elementor-widget-spacer\" data-id=\"83a024b\" data-element_type=\"widget\" data-widget_type=\"spacer.default\">\n\t\t\t\t<div class=\"elementor-widget-container\">\n\t\t\t\t\t\t\t<div class=\"elementor-spacer\">\n\t\t\t<div class=\"elementor-spacer-inner\"><\/div>\n\t\t<\/div>\n\t\t\t\t\t\t<\/div>\n\t\t\t\t<\/div>\n\t\t\t\t<div class=\"elementor-element elementor-element-8c2f91c elementor-widget elementor-widget-heading\" data-id=\"8c2f91c\" data-element_type=\"widget\" data-widget_type=\"heading.default\">\n\t\t\t\t<div class=\"elementor-widget-container\">\n\t\t\t\t\t<h2 class=\"elementor-heading-title elementor-size-default\">En dise\u00f1o interior, el servicio excepcional es la piedra angular del respeto y de resultados tangibles\n<\/h2>\t\t\t\t<\/div>\n\t\t\t\t<\/div>\n\t\t\t\t<div class=\"elementor-element elementor-element-01fe0d2 elementor-widget elementor-widget-text-editor\" data-id=\"01fe0d2\" data-element_type=\"widget\" data-widget_type=\"text-editor.default\">\n\t\t\t\t<div class=\"elementor-widget-container\">\n\t\t\t\t\t\t\t\t\t<p><span style=\"font-weight: 400;\">Con d\u00e9cadas de experiencia en dise\u00f1o interior y una base de clientes dedicada, nuestra reputaci\u00f3n por la excelencia y el dise\u00f1o innovador habla por s\u00ed misma.\u00a0 Nuestra firma se enorgullece de contar con un portafolio diverso, habiendo ejecutado con \u00e9xito numerosos proyectos.\u00a0 Para cualquier consulta sobre c\u00f3mo podemos dar vida a su visi\u00f3n, no dude en ponerse en contacto para m\u00e1s informaci\u00f3n.<\/span><\/p>\t\t\t\t\t\t\t\t<\/div>\n\t\t\t\t<\/div>\n\t\t\t\t<\/div>\n\t\t\t\t\t<\/div>\n\t\t\t\t<\/div>\n\t\t\t\t<\/div>\n\t\t","protected":false},"excerpt":{"rendered":"<p>https:\/\/cecicrespo.com\/es\/wp-content\/uploads\/2025\/04\/0427.mp4#t=,46 Nuestra filosof\u00eda de dise\u00f1o interior garantiza que cada detalle funcione en total armon\u00eda El dise\u00f1o de interiores va m\u00e1s all\u00e1 de lo est\u00e9tico.\u00a0 Se trata de crear espacios que resuenen contigo, que transmitan calma y energ\u00eda, y que se sientan aut\u00e9nticos.\u00a0 En Ceci Crespo Interior Design, combinamos la arquitectura, el dise\u00f1o y la funcionalidad [&hellip;]<\/p>\n","protected":false},"author":1,"featured_media":0,"parent":0,"menu_order":0,"comment_status":"closed","ping_status":"closed","template":"","meta":{"footnotes":""},"class_list":["post-59","page","type-page","status-publish","hentry"],"_links":{"self":[{"href":"https:\/\/cecicrespo.com\/es\/index.php\/wp-json\/wp\/v2\/pages\/59","targetHints":{"allow":["GET"]}}],"collection":[{"href":"https:\/\/cecicrespo.com\/es\/index.php\/wp-json\/wp\/v2\/pages"}],"about":[{"href":"https:\/\/cecicrespo.com\/es\/index.php\/wp-json\/wp\/v2\/types\/page"}],"author":[{"embeddable":true,"href":"https:\/\/cecicrespo.com\/es\/index.php\/wp-json\/wp\/v2\/users\/1"}],"replies":[{"embeddable":true,"href":"https:\/\/cecicrespo.com\/es\/index.php\/wp-json\/wp\/v2\/comments?post=59"}],"version-history":[{"count":88,"href":"https:\/\/cecicrespo.com\/es\/index.php\/wp-json\/wp\/v2\/pages\/59\/revisions"}],"predecessor-version":[{"id":551,"href":"https:\/\/cecicrespo.com\/es\/index.php\/wp-json\/wp\/v2\/pages\/59\/revisions\/551"}],"wp:attachment":[{"href":"https:\/\/cecicrespo.com\/es\/index.php\/wp-json\/wp\/v2\/media?parent=59"}],"curies":[{"name":"wp","href":"https:\/\/api.w.org\/{rel}","templated":true}]}}